{"id":8,"date":"2020-01-29T21:15:58","date_gmt":"2020-01-29T20:15:58","guid":{"rendered":"https:\/\/tcvp16.donbosco-tahiti.pf\/?page_id=8"},"modified":"2020-01-31T00:20:24","modified_gmt":"2020-01-30T23:20:24","slug":"tahitipose","status":"publish","type":"page","link":"https:\/\/tcvp16.donbosco-tahiti.pf\/?page_id=8","title":{"rendered":"TahitiPose"},"content":{"rendered":"\n<p>Nos projet      Contact      Accueil    Nos piscines  <\/p>\n\n\n\n<p class=\"has-text-align-center\"> Une <strong>piscine<\/strong> est un bassin artificiel, \u00e9tanche, rempli d&rsquo;eau et  dont les dimensions permettent \u00e0 un \u00eatre humain de s&rsquo;y plonger au moins  partiellement. Une piscine se diff\u00e9rencie d&rsquo;une cuve ou d&rsquo;une baignade  par ses \u00e9quipements de filtration (pompe, filtre&#8230;). Il existe  diff\u00e9rents types de piscine dont les caract\u00e9ristiques varient en  fonction de leurs destinations (piscine priv\u00e9e, piscine priv\u00e9e \u00e0 usage  collectif, piscine publique) et de leur usage (piscine familiale,  piscine de loisir, piscine th\u00e9rapeutique, piscine d&rsquo;entrainement  sportif, piscine de plong\u00e9e, aussi appel\u00e9e \u00ab\u00a0fosse \u00e0 plong\u00e9e\u00a0\u00bb&#8230;). <\/p>\n","protected":false},"excerpt":{"rendered":"<p>Nos projet Contact Accueil Nos piscines Une piscine est un bassin artificiel, \u00e9tanche, rempli d&rsquo;eau et dont les dimensions permettent \u00e0 un \u00eatre humain de s&rsquo;y plonger au moins partiellement. Une piscine se diff\u00e9rencie d&rsquo;une cuve ou d&rsquo;une baignade par ses \u00e9quipements de filtration (pompe, filtre&#8230;). Il existe diff\u00e9rents types de piscine dont les caract\u00e9ristiques [&hellip;]<\/p>\n","protected":false},"author":2,"featured_media":0,"parent":0,"menu_order":0,"comment_status":"closed","ping_status":"closed","template":"","meta":[],"_links":{"self":[{"href":"https:\/\/tcvp16.donbosco-tahiti.pf\/index.php?rest_route=\/wp\/v2\/pages\/8"}],"collection":[{"href":"https:\/\/tcvp16.donbosco-tahiti.pf\/index.php?rest_route=\/wp\/v2\/pages"}],"about":[{"href":"https:\/\/tcvp16.donbosco-tahiti.pf\/index.php?rest_route=\/wp\/v2\/types\/page"}],"author":[{"embeddable":true,"href":"https:\/\/tcvp16.donbosco-tahiti.pf\/index.php?rest_route=\/wp\/v2\/users\/2"}],"replies":[{"embeddable":true,"href":"https:\/\/tcvp16.donbosco-tahiti.pf\/index.php?rest_route=%2Fwp%2Fv2%2Fcomments&post=8"}],"version-history":[{"count":4,"href":"https:\/\/tcvp16.donbosco-tahiti.pf\/index.php?rest_route=\/wp\/v2\/pages\/8\/revisions"}],"predecessor-version":[{"id":14,"href":"https:\/\/tcvp16.donbosco-tahiti.pf\/index.php?rest_route=\/wp\/v2\/pages\/8\/revisions\/14"}],"wp:attachment":[{"href":"https:\/\/tcvp16.donbosco-tahiti.pf\/index.php?rest_route=%2Fwp%2Fv2%2Fmedia&parent=8"}],"curies":[{"name":"wp","href":"https:\/\/api.w.org\/{rel}","templated":true}]}}